{"id":17364,"date":"2022-03-23T12:57:58","date_gmt":"2022-03-23T11:57:58","guid":{"rendered":"https:\/\/eundg.com\/?page_id=17364"},"modified":"2025-11-11T13:43:35","modified_gmt":"2025-11-11T12:43:35","slug":"machinery","status":"publish","type":"page","link":"https:\/\/eundg.com\/en\/machinery\/","title":{"rendered":"Machinery"},"content":{"rendered":"<div class=\"wpb-content-wrapper\"><p>[vc_row][vc_column width=&#8221;1\/1&#8243;]<div class=\"single_image wpb_content_element align-left    \" data-animation=\"none\" data-delay=\"0\"><img loading=\"lazy\" decoding=\"async\" width=\"1500\" height=\"500\" src=\"https:\/\/eundg.com\/wp-content\/uploads\/2022\/03\/Spritzgussmaschine-Steuerung-Aktuelles-Kunststoff.jpg\" class=\"attachment-full\" alt=\"E und G. Werkzeugbau f\u00fcr Spritzugussmaschinen. Reparatur und Wartung von Spritzgussformen.\" title=\"Spritzgussmaschine-Steuerung-Aktuelles-Kunststoff\" srcset=\"https:\/\/eundg.com\/wp-content\/uploads\/2022\/03\/Spritzgussmaschine-Steuerung-Aktuelles-Kunststoff.jpg 1500w, https:\/\/eundg.com\/wp-content\/uploads\/2022\/03\/Spritzgussmaschine-Steuerung-Aktuelles-Kunststoff-300x100.jpg 300w, https:\/\/eundg.com\/wp-content\/uploads\/2022\/03\/Spritzgussmaschine-Steuerung-Aktuelles-Kunststoff-1024x341.jpg 1024w, https:\/\/eundg.com\/wp-content\/uploads\/2022\/03\/Spritzgussmaschine-Steuerung-Aktuelles-Kunststoff-768x256.jpg 768w\" sizes=\"auto, (max-width: 1500px) 100vw, 1500px\" \/><\/div>[\/vc_column][\/vc_row][vc_row][vc_column width=&#8221;1\/1&#8243;]<h1 class=\"headline font-inherit fontsize-l fontweight-600 lh-inherit align-center transform-inherit \" style=\"margin: 0 0 20px 0; color: #00478A;\">Our Machinery<\/h1>[\/vc_column][\/vc_row][vc_row][vc_column width=&#8221;1\/4&#8243;]<h1 class=\"headline font-inherit fontsize-inherit fontweight-inherit lh-inherit align-center transform-inherit \" style=\" color: #00478A;\">Reliability in Germany<\/h1>[vc_column_text]With our modern machinery at the production site in Germany, we manufacture plastic parts in small and large series for customers from a wide variety of industries. Even complex components can be produced precisely and in large quantities on injection molding machines with a clamping force of up to 1,200 tons.[\/vc_column_text][\/vc_column][vc_column width=&#8221;3\/4&#8243;][vc_tta_accordion active_section=&#8221;1&#8243; collapsible_all=&#8221;true&#8221;][vc_tta_section title=&#8221;Yizumi UN1100D1-IU12050&#8243; tab_id=&#8221;1647951981284-abe834ff-ed1e&#8221;]<div class=\"single_image wpb_content_element align-left    \" data-animation=\"none\" data-delay=\"0\"><img loading=\"lazy\" decoding=\"async\" width=\"1500\" height=\"1001\" src=\"https:\/\/eundg.com\/wp-content\/uploads\/2022\/03\/YIZUMI-Maschinenpark-Spritzguss.jpg\" class=\"attachment-full\" alt=\"\" title=\"YIZUMI-Maschinenpark-Spritzguss\" srcset=\"https:\/\/eundg.com\/wp-content\/uploads\/2022\/03\/YIZUMI-Maschinenpark-Spritzguss.jpg 1500w, https:\/\/eundg.com\/wp-content\/uploads\/2022\/03\/YIZUMI-Maschinenpark-Spritzguss-300x200.jpg 300w, https:\/\/eundg.com\/wp-content\/uploads\/2022\/03\/YIZUMI-Maschinenpark-Spritzguss-1024x683.jpg 1024w, https:\/\/eundg.com\/wp-content\/uploads\/2022\/03\/YIZUMI-Maschinenpark-Spritzguss-768x513.jpg 768w, https:\/\/eundg.com\/wp-content\/uploads\/2022\/03\/YIZUMI-Maschinenpark-Spritzguss-600x400.jpg 600w\" sizes=\"auto, (max-width: 1500px) 100vw, 1500px\" \/><\/div>[vc_column_text]Locking force: 1,100 tonnes<\/p>\n<p>Injection weight: 6,774 grams[\/vc_column_text][\/vc_tta_section][vc_tta_section title=&#8221;Stork ST 12500&#8243; tab_id=&#8221;1647952928741-5416af8e-d6e8&#8243;][vc_column_text]Locking force: 1,200 tonnes<\/p>\n<p>Injection weight: 7,919 grams[\/vc_column_text][\/vc_tta_section][vc_tta_section title=&#8221;Engel Victory 650\/120 TECH&#8221; tab_id=&#8221;1647952928244-c941492f-9581&#8243;]<div class=\"single_image wpb_content_element align-left    \" data-animation=\"none\" data-delay=\"0\"><img loading=\"lazy\" decoding=\"async\" width=\"1500\" height=\"1000\" src=\"https:\/\/eundg.com\/wp-content\/uploads\/2022\/03\/E-und-G-Kunstoffteile.jpg\" class=\"attachment-full\" alt=\"Spritzgussteile in Kleinserien und Gro\u00dfserien.\" title=\"E-und-G-Kunstoffteile\" srcset=\"https:\/\/eundg.com\/wp-content\/uploads\/2022\/03\/E-und-G-Kunstoffteile.jpg 1500w, https:\/\/eundg.com\/wp-content\/uploads\/2022\/03\/E-und-G-Kunstoffteile-300x200.jpg 300w, https:\/\/eundg.com\/wp-content\/uploads\/2022\/03\/E-und-G-Kunstoffteile-1024x683.jpg 1024w, https:\/\/eundg.com\/wp-content\/uploads\/2022\/03\/E-und-G-Kunstoffteile-768x512.jpg 768w, https:\/\/eundg.com\/wp-content\/uploads\/2022\/03\/E-und-G-Kunstoffteile-600x400.jpg 600w\" sizes=\"auto, (max-width: 1500px) 100vw, 1500px\" \/><\/div>[vc_column_text]Locking force: 120 tonnes<\/p>\n<p>Injection weight: 307 grams[\/vc_column_text][\/vc_tta_section][vc_tta_section title=&#8221;Yizumi UN500DP&#8221; tab_id=&#8221;1647952927576-454bc102-a17a&#8221;]<div class=\"single_image wpb_content_element align-left    \" data-animation=\"none\" data-delay=\"0\"><img loading=\"lazy\" decoding=\"async\" width=\"1500\" height=\"1001\" src=\"https:\/\/eundg.com\/wp-content\/uploads\/2022\/03\/YIZUMI-Maschinenpark-Spritzguss.jpg\" class=\"attachment-full\" alt=\"\" title=\"YIZUMI-Maschinenpark-Spritzguss\" srcset=\"https:\/\/eundg.com\/wp-content\/uploads\/2022\/03\/YIZUMI-Maschinenpark-Spritzguss.jpg 1500w, https:\/\/eundg.com\/wp-content\/uploads\/2022\/03\/YIZUMI-Maschinenpark-Spritzguss-300x200.jpg 300w, https:\/\/eundg.com\/wp-content\/uploads\/2022\/03\/YIZUMI-Maschinenpark-Spritzguss-1024x683.jpg 1024w, https:\/\/eundg.com\/wp-content\/uploads\/2022\/03\/YIZUMI-Maschinenpark-Spritzguss-768x513.jpg 768w, https:\/\/eundg.com\/wp-content\/uploads\/2022\/03\/YIZUMI-Maschinenpark-Spritzguss-600x400.jpg 600w\" sizes=\"auto, (max-width: 1500px) 100vw, 1500px\" \/><\/div>[vc_column_text]Locking force: 500 tonnes<\/p>\n<p>Injection weight: 1,103 grams[\/vc_column_text][\/vc_tta_section][vc_tta_section title=&#8221;Haitian Jupiter 2-9000&#8243; tab_id=&#8221;1647952926713-665828f8-01f6&#8243;]<div class=\"single_image wpb_content_element align-left    \" data-animation=\"none\" data-delay=\"0\"><img loading=\"lazy\" decoding=\"async\" width=\"1500\" height=\"500\" src=\"https:\/\/eundg.com\/wp-content\/uploads\/2022\/03\/Spritzgussmaschine-Steuerung-Aktuelles-Kunststoff.jpg\" class=\"attachment-full\" alt=\"E und G. Werkzeugbau f\u00fcr Spritzugussmaschinen. Reparatur und Wartung von Spritzgussformen.\" title=\"Spritzgussmaschine-Steuerung-Aktuelles-Kunststoff\" srcset=\"https:\/\/eundg.com\/wp-content\/uploads\/2022\/03\/Spritzgussmaschine-Steuerung-Aktuelles-Kunststoff.jpg 1500w, https:\/\/eundg.com\/wp-content\/uploads\/2022\/03\/Spritzgussmaschine-Steuerung-Aktuelles-Kunststoff-300x100.jpg 300w, https:\/\/eundg.com\/wp-content\/uploads\/2022\/03\/Spritzgussmaschine-Steuerung-Aktuelles-Kunststoff-1024x341.jpg 1024w, https:\/\/eundg.com\/wp-content\/uploads\/2022\/03\/Spritzgussmaschine-Steuerung-Aktuelles-Kunststoff-768x256.jpg 768w\" sizes=\"auto, (max-width: 1500px) 100vw, 1500px\" \/><\/div>[vc_column_text]Locking force: 900 tonnes<\/p>\n<p>Injection weight: 2,605 grams[\/vc_column_text][\/vc_tta_section][vc_tta_section title=&#8221;Engel VC 1800\/180 Focus&#8221; tab_id=&#8221;1647954796801-c525cf1e-66dd&#8221;]<div class=\"single_image wpb_content_element align-left    \" data-animation=\"none\" data-delay=\"0\"><img loading=\"lazy\" decoding=\"async\" width=\"1500\" height=\"1000\" src=\"https:\/\/eundg.com\/wp-content\/uploads\/2022\/03\/E-und-G-Kunstoffteile.jpg\" class=\"attachment-full\" alt=\"Spritzgussteile in Kleinserien und Gro\u00dfserien.\" title=\"E-und-G-Kunstoffteile\" srcset=\"https:\/\/eundg.com\/wp-content\/uploads\/2022\/03\/E-und-G-Kunstoffteile.jpg 1500w, https:\/\/eundg.com\/wp-content\/uploads\/2022\/03\/E-und-G-Kunstoffteile-300x200.jpg 300w, https:\/\/eundg.com\/wp-content\/uploads\/2022\/03\/E-und-G-Kunstoffteile-1024x683.jpg 1024w, https:\/\/eundg.com\/wp-content\/uploads\/2022\/03\/E-und-G-Kunstoffteile-768x512.jpg 768w, https:\/\/eundg.com\/wp-content\/uploads\/2022\/03\/E-und-G-Kunstoffteile-600x400.jpg 600w\" sizes=\"auto, (max-width: 1500px) 100vw, 1500px\" \/><\/div>[vc_column_text]Locking force: 180 tonnes<\/p>\n<p>Injection weight: 950 grams[\/vc_column_text][\/vc_tta_section][vc_tta_section title=&#8221;Krauss Maffei KM 250\/2000\/CX&#8221; tab_id=&#8221;1647954796493-f6147603-74dc&#8221;][vc_column_text]Locking force: 250 tonnes<\/p>\n<p>Injection weight: 981 grams[\/vc_column_text][\/vc_tta_section][vc_tta_section title=&#8221;Yizumi WD1 700 IU 6800&#8243; tab_id=&#8221;1647954795938-063ace88-dbfe&#8221;]<div class=\"single_image wpb_content_element align-left    \" data-animation=\"none\" data-delay=\"0\"><img loading=\"lazy\" decoding=\"async\" width=\"1500\" height=\"1000\" src=\"https:\/\/eundg.com\/wp-content\/uploads\/2022\/03\/Spritzgussmaschine.jpg\" class=\"attachment-full\" alt=\"Spritzgussteile Kleinserien und Gro\u00dfserien. Fertigung in Deutschland.\" title=\"Spritzgussmaschine\" srcset=\"https:\/\/eundg.com\/wp-content\/uploads\/2022\/03\/Spritzgussmaschine.jpg 1500w, https:\/\/eundg.com\/wp-content\/uploads\/2022\/03\/Spritzgussmaschine-300x200.jpg 300w, https:\/\/eundg.com\/wp-content\/uploads\/2022\/03\/Spritzgussmaschine-1024x683.jpg 1024w, https:\/\/eundg.com\/wp-content\/uploads\/2022\/03\/Spritzgussmaschine-768x512.jpg 768w, https:\/\/eundg.com\/wp-content\/uploads\/2022\/03\/Spritzgussmaschine-600x400.jpg 600w\" sizes=\"auto, (max-width: 1500px) 100vw, 1500px\" \/><\/div>[vc_column_text]Locking force: 700 tonnes<\/p>\n<p>Injection weight: 4,045 grams[\/vc_column_text][\/vc_tta_section][vc_tta_section title=&#8221;Yizumi UN280A5-EU&#8221; tab_id=&#8221;1648029515672-83835c9d-1c9f&#8221;]<div class=\"single_image wpb_content_element align-left    \" data-animation=\"none\" data-delay=\"0\"><img loading=\"lazy\" decoding=\"async\" width=\"1500\" height=\"999\" src=\"https:\/\/eundg.com\/wp-content\/uploads\/2022\/03\/Maschinenpark-Spritzguss.jpg\" class=\"attachment-full\" alt=\"Spritzgie\u00dfmaschine f\u00fcr Gro\u00dfserienfertigung von Kunststoffteilen.\" title=\"Maschinenpark-Spritzguss\" srcset=\"https:\/\/eundg.com\/wp-content\/uploads\/2022\/03\/Maschinenpark-Spritzguss.jpg 1500w, https:\/\/eundg.com\/wp-content\/uploads\/2022\/03\/Maschinenpark-Spritzguss-300x200.jpg 300w, https:\/\/eundg.com\/wp-content\/uploads\/2022\/03\/Maschinenpark-Spritzguss-1024x682.jpg 1024w, https:\/\/eundg.com\/wp-content\/uploads\/2022\/03\/Maschinenpark-Spritzguss-768x511.jpg 768w, https:\/\/eundg.com\/wp-content\/uploads\/2022\/03\/Maschinenpark-Spritzguss-600x400.jpg 600w\" sizes=\"auto, (max-width: 1500px) 100vw, 1500px\" \/><\/div>[vc_column_text]Locking force: 280 tonnes<\/p>\n<p>Injection weight: 690 grams[\/vc_column_text][\/vc_tta_section][vc_tta_section title=&#8221;Engel ES 2550\/400 HL&#8221; tab_id=&#8221;1647957311979-83b377fc-9344&#8243;]<div class=\"single_image wpb_content_element align-left    \" data-animation=\"none\" data-delay=\"0\"><img loading=\"lazy\" decoding=\"async\" width=\"1500\" height=\"1000\" src=\"https:\/\/eundg.com\/wp-content\/uploads\/2022\/03\/E-und-G-Kunstoffteile.jpg\" class=\"attachment-full\" alt=\"Spritzgussteile in Kleinserien und Gro\u00dfserien.\" title=\"E-und-G-Kunstoffteile\" srcset=\"https:\/\/eundg.com\/wp-content\/uploads\/2022\/03\/E-und-G-Kunstoffteile.jpg 1500w, https:\/\/eundg.com\/wp-content\/uploads\/2022\/03\/E-und-G-Kunstoffteile-300x200.jpg 300w, https:\/\/eundg.com\/wp-content\/uploads\/2022\/03\/E-und-G-Kunstoffteile-1024x683.jpg 1024w, https:\/\/eundg.com\/wp-content\/uploads\/2022\/03\/E-und-G-Kunstoffteile-768x512.jpg 768w, https:\/\/eundg.com\/wp-content\/uploads\/2022\/03\/E-und-G-Kunstoffteile-600x400.jpg 600w\" sizes=\"auto, (max-width: 1500px) 100vw, 1500px\" \/><\/div>[vc_column_text]Locking force: 400 tonnes<\/p>\n<p>Injection weight: 1,402 grams[\/vc_column_text][\/vc_tta_section][vc_tta_section title=&#8221;Engel ES 1800\/400 HL&#8221; tab_id=&#8221;1647957311643-a7f12739-8c98&#8243;]<div class=\"single_image wpb_content_element align-left    \" data-animation=\"none\" data-delay=\"0\"><img loading=\"lazy\" decoding=\"async\" width=\"1500\" height=\"1000\" src=\"https:\/\/eundg.com\/wp-content\/uploads\/2022\/03\/E-und-G-Kunstoffteile.jpg\" class=\"attachment-full\" alt=\"Spritzgussteile in Kleinserien und Gro\u00dfserien.\" title=\"E-und-G-Kunstoffteile\" srcset=\"https:\/\/eundg.com\/wp-content\/uploads\/2022\/03\/E-und-G-Kunstoffteile.jpg 1500w, https:\/\/eundg.com\/wp-content\/uploads\/2022\/03\/E-und-G-Kunstoffteile-300x200.jpg 300w, https:\/\/eundg.com\/wp-content\/uploads\/2022\/03\/E-und-G-Kunstoffteile-1024x683.jpg 1024w, https:\/\/eundg.com\/wp-content\/uploads\/2022\/03\/E-und-G-Kunstoffteile-768x512.jpg 768w, https:\/\/eundg.com\/wp-content\/uploads\/2022\/03\/E-und-G-Kunstoffteile-600x400.jpg 600w\" sizes=\"auto, (max-width: 1500px) 100vw, 1500px\" \/><\/div>[vc_column_text]Locking force: 400 tonnes<\/p>\n<p>Injection weight: 982 grams[\/vc_column_text][\/vc_tta_section][vc_tta_section title=&#8221;Krauss Maffei KM 500\/2700\/C2&#8243; tab_id=&#8221;1647957311301-18d92bbd-0780&#8243;]<div class=\"single_image wpb_content_element align-left    \" data-animation=\"none\" data-delay=\"0\"><img loading=\"lazy\" decoding=\"async\" width=\"1500\" height=\"1000\" src=\"https:\/\/eundg.com\/wp-content\/uploads\/2022\/03\/Spritzgussteile-1.jpg\" class=\"attachment-full\" alt=\"\" title=\"Spritzgussteile\" srcset=\"https:\/\/eundg.com\/wp-content\/uploads\/2022\/03\/Spritzgussteile-1.jpg 1500w, https:\/\/eundg.com\/wp-content\/uploads\/2022\/03\/Spritzgussteile-1-300x200.jpg 300w, https:\/\/eundg.com\/wp-content\/uploads\/2022\/03\/Spritzgussteile-1-1024x683.jpg 1024w, https:\/\/eundg.com\/wp-content\/uploads\/2022\/03\/Spritzgussteile-1-768x512.jpg 768w, https:\/\/eundg.com\/wp-content\/uploads\/2022\/03\/Spritzgussteile-1-600x400.jpg 600w\" sizes=\"auto, (max-width: 1500px) 100vw, 1500px\" \/><\/div>[vc_column_text]Locking force: 500 tonnes<\/p>\n<p>Injection weight: 1,304 grams[\/vc_column_text][\/vc_tta_section][vc_tta_section title=&#8221;Arburg 320C 500-170&#8243; tab_id=&#8221;1647957310829-2c04f098-63c2&#8243;]<div class=\"single_image wpb_content_element align-left    \" data-animation=\"none\" data-delay=\"0\"><\/div>[vc_column_text]Locking force: 50 tonnes<\/p>\n<p>Injection weight: 165 grams[\/vc_column_text][\/vc_tta_section][vc_tta_section title=&#8221;Engel VC 200\/28 TECH&#8221; tab_id=&#8221;1647957310099-818ae622-2f23&#8243;]<div class=\"single_image wpb_content_element align-left    \" data-animation=\"none\" data-delay=\"0\"><\/div>[vc_column_text]Locking force: 28 tonnes<\/p>\n<p>Injection weight: 95 grams[\/vc_column_text][\/vc_tta_section][vc_tta_section title=&#8221;Engel VC 80\/28 TECH&#8221; tab_id=&#8221;1647957968599-89a8cc77-53b9&#8243;]<div class=\"single_image wpb_content_element align-left    \" data-animation=\"none\" data-delay=\"0\"><\/div>[vc_column_text]Locking force: 28 tonnes[\/vc_column_text][\/vc_tta_section][vc_tta_section title=&#8221;Arburg 270 C 400-100&#8243; tab_id=&#8221;1647957968338-78761749-df23&#8243;]<div class=\"single_image wpb_content_element align-left    \" data-animation=\"none\" data-delay=\"0\"><\/div>[vc_column_text]Locking force: 40 tonnes<\/p>\n<p>Injection weight: 45 grams[\/vc_column_text][\/vc_tta_section][vc_tta_section title=&#8221;Arburg 320C 500-170&#8243; tab_id=&#8221;1647957968057-3364d0d8-7d96&#8243;]<div class=\"single_image wpb_content_element align-left    \" data-animation=\"none\" data-delay=\"0\"><\/div>[vc_column_text]Locking force: 50 tonnes[\/vc_column_text][\/vc_tta_section][vc_tta_section title=&#8221;Arburg Allrounder 221 KG 350-100&#8243; tab_id=&#8221;1647957967645-48513af7-69f0&#8243;][vc_column_text]Locking force: 35 tonnes<\/p>\n<p>Injection weight: 41 grams[\/vc_column_text][\/vc_tta_section][vc_tta_section title=&#8221;Engel ES 200V\/60VTHL vertical&#8221; tab_id=&#8221;1647959042116-483014e4-f0fd&#8221;]<div class=\"single_image wpb_content_element align-left    \" data-animation=\"none\" data-delay=\"0\"><img loading=\"lazy\" decoding=\"async\" width=\"1500\" height=\"1000\" src=\"https:\/\/eundg.com\/wp-content\/uploads\/2022\/03\/E-und-G-Kunstoffteile.jpg\" class=\"attachment-full\" alt=\"Spritzgussteile in Kleinserien und Gro\u00dfserien.\" title=\"E-und-G-Kunstoffteile\" srcset=\"https:\/\/eundg.com\/wp-content\/uploads\/2022\/03\/E-und-G-Kunstoffteile.jpg 1500w, https:\/\/eundg.com\/wp-content\/uploads\/2022\/03\/E-und-G-Kunstoffteile-300x200.jpg 300w, https:\/\/eundg.com\/wp-content\/uploads\/2022\/03\/E-und-G-Kunstoffteile-1024x683.jpg 1024w, https:\/\/eundg.com\/wp-content\/uploads\/2022\/03\/E-und-G-Kunstoffteile-768x512.jpg 768w, https:\/\/eundg.com\/wp-content\/uploads\/2022\/03\/E-und-G-Kunstoffteile-600x400.jpg 600w\" sizes=\"auto, (max-width: 1500px) 100vw, 1500px\" \/><\/div>[vc_column_text]Locking force: 60 tonnes<\/p>\n<p>Injection weight: 65 grams[\/vc_column_text][\/vc_tta_section][vc_tta_section title=&#8221;Engel Victory 500\/120spex&#8221; tab_id=&#8221;1647959041886-f07dc3c8-835c&#8221;]<div class=\"single_image wpb_content_element align-left    \" data-animation=\"none\" data-delay=\"0\"><img loading=\"lazy\" decoding=\"async\" width=\"1500\" height=\"1000\" src=\"https:\/\/eundg.com\/wp-content\/uploads\/2022\/03\/E-und-G-Kunstoffteile.jpg\" class=\"attachment-full\" alt=\"Spritzgussteile in Kleinserien und Gro\u00dfserien.\" title=\"E-und-G-Kunstoffteile\" srcset=\"https:\/\/eundg.com\/wp-content\/uploads\/2022\/03\/E-und-G-Kunstoffteile.jpg 1500w, https:\/\/eundg.com\/wp-content\/uploads\/2022\/03\/E-und-G-Kunstoffteile-300x200.jpg 300w, https:\/\/eundg.com\/wp-content\/uploads\/2022\/03\/E-und-G-Kunstoffteile-1024x683.jpg 1024w, https:\/\/eundg.com\/wp-content\/uploads\/2022\/03\/E-und-G-Kunstoffteile-768x512.jpg 768w, https:\/\/eundg.com\/wp-content\/uploads\/2022\/03\/E-und-G-Kunstoffteile-600x400.jpg 600w\" sizes=\"auto, (max-width: 1500px) 100vw, 1500px\" \/><\/div>[vc_column_text]Locking force: 120 tonnes<\/p>\n<p>Injection weight: 307 grams[\/vc_column_text][\/vc_tta_section][vc_tta_section title=&#8221;Arburg 420 C 800 -250&#8243; tab_id=&#8221;1647959041641-5da0fea0-e60a&#8221;]<div class=\"single_image wpb_content_element align-left    \" data-animation=\"none\" data-delay=\"0\"><\/div>[vc_column_text]Locking force: 80 tonnes<\/p>\n<p>Injection weight: 132 grams[\/vc_column_text][\/vc_tta_section][vc_tta_section title=&#8221;Arburg 320C 500-170&#8243; tab_id=&#8221;1647959804156-f80f1a40-9821&#8243;]<div class=\"single_image wpb_content_element align-left    \" data-animation=\"none\" data-delay=\"0\"><\/div>[vc_column_text]Locking force: 50 tonnes<\/p>\n<p>Injection weight: 77 grams[\/vc_column_text][\/vc_tta_section][vc_tta_section title=&#8221;Krauss Maffei KM 60-210 B1&#8243; tab_id=&#8221;1647959041258-e548ef30-bebc&#8221;]<div class=\"single_image wpb_content_element align-left    \" data-animation=\"none\" data-delay=\"0\"><\/div>[vc_column_text]Locking force: 60 tonnes<\/p>\n<p>Injection weight: 85 grams[\/vc_column_text][\/vc_tta_section][vc_tta_section title=&#8221;Chen Hsong EM180-SVP&#8221; tab_id=&#8221;1647959861103-379bcfc3-82c7&#8243;]<div class=\"single_image wpb_content_element align-left    \" data-animation=\"none\" data-delay=\"0\"><\/div>[vc_column_text]Locking force: 180 tonnes<\/p>\n<p>Injection weight: 449 grams[\/vc_column_text][\/vc_tta_section][\/vc_tta_accordion][\/vc_column][\/vc_row]<\/p>\n<\/div>","protected":false},"excerpt":{"rendered":"<p>[vc_row][vc_column width=&#8221;1\/1&#8243;][\/vc_column][\/vc_row][vc_row][vc_column width=&#8221;1\/1&#8243;][\/vc_column][\/vc_row][vc_row][vc_column width=&#8221;1\/4&#8243;][vc_column_text]With our modern machinery at the production site in Germany, we manufacture plastic parts in small and large series for customers from a wide variety of industries. Even complex components can be produced precisely and in large quantities on injection molding machines with a clamping force of up to 1,200 tons.[\/vc_column_text][\/vc_column][vc_column width=&#8221;3\/4&#8243;][vc_tta_accordion active_section=&#8221;1&#8243; collapsible_all=&#8221;true&#8221;][vc_tta_section title=&#8221;Yizumi UN1100D1-IU12050&#8243; tab_id=&#8221;1647951981284-abe834ff-ed1e&#8221;][vc_column_text]Locking force: 1,100 tonnes Injection weight: 6,774 grams[\/vc_column_text][\/vc_tta_section][vc_tta_section title=&#8221;Stork ST 12500&#8243; tab_id=&#8221;1647952928741-5416af8e-d6e8&#8243;][vc_column_text]Locking force: 1,200 tonnes Injection weight: 7,919 grams[\/vc_column_text][\/vc_tta_section][vc_tta_section title=&#8221;Engel Victory 650\/120 TECH&#8221; tab_id=&#8221;1647952928244-c941492f-9581&#8243;][vc_column_text]Locking force: 120 tonnes Injection weight: 307 grams[\/vc_column_text][\/vc_tta_section][vc_tta_section title=&#8221;Yizumi UN500DP&#8221; tab_id=&#8221;1647952927576-454bc102-a17a&#8221;][vc_column_text]Locking force: 500 tonnes Injection weight: 1,103 grams[\/vc_column_text][\/vc_tta_section][vc_tta_section title=&#8221;Haitian Jupiter 2-9000&#8243; tab_id=&#8221;1647952926713-665828f8-01f6&#8243;][vc_column_text]Locking force: 900 tonnes Injection weight: 2,605 grams[\/vc_column_text][\/vc_tta_section][vc_tta_section title=&#8221;Engel VC 1800\/180 Focus&#8221; tab_id=&#8221;1647954796801-c525cf1e-66dd&#8221;][vc_column_text]Locking force: 180 tonnes Injection weight: 950 grams[\/vc_column_text][\/vc_tta_section][vc_tta_section title=&#8221;Krauss Maffei KM 250\/2000\/CX&#8221; tab_id=&#8221;1647954796493-f6147603-74dc&#8221;][vc_column_text]Locking force: 250 tonnes Injection weight: 981 grams[\/vc_column_text][\/vc_tta_section][vc_tta_section title=&#8221;Yizumi WD1 700 IU 6800&#8243; tab_id=&#8221;1647954795938-063ace88-dbfe&#8221;][vc_column_text]Locking force: 700 tonnes Injection weight: 4,045 grams[\/vc_column_text][\/vc_tta_section][vc_tta_section title=&#8221;Yizumi UN280A5-EU&#8221; tab_id=&#8221;1648029515672-83835c9d-1c9f&#8221;][vc_column_text]Locking force: 280 tonnes Injection weight: 690 grams[\/vc_column_text][\/vc_tta_section][vc_tta_section title=&#8221;Engel ES 2550\/400 HL&#8221; tab_id=&#8221;1647957311979-83b377fc-9344&#8243;][vc_column_text]Locking force: 400 tonnes Injection weight: 1,402 grams[\/vc_column_text][\/vc_tta_section][vc_tta_section title=&#8221;Engel ES 1800\/400 HL&#8221; tab_id=&#8221;1647957311643-a7f12739-8c98&#8243;][vc_column_text]Locking force: 400 tonnes Injection weight: 982 grams[\/vc_column_text][\/vc_tta_section][vc_tta_section title=&#8221;Krauss Maffei KM 500\/2700\/C2&#8243; tab_id=&#8221;1647957311301-18d92bbd-0780&#8243;][vc_column_text]Locking force: 500 tonnes Injection weight: 1,304 grams[\/vc_column_text][\/vc_tta_section][vc_tta_section title=&#8221;Arburg 320C 500-170&#8243; tab_id=&#8221;1647957310829-2c04f098-63c2&#8243;][vc_column_text]Locking force: 50 [&hellip;]<\/p>\n","protected":false},"author":1,"featured_media":0,"parent":0,"menu_order":0,"comment_status":"closed","ping_status":"closed","template":"","meta":{"footnotes":""},"class_list":["post-17364","page","type-page","status-publish","hentry"],"_links":{"self":[{"href":"https:\/\/eundg.com\/en\/wp-json\/wp\/v2\/pages\/17364","targetHints":{"allow":["GET"]}}],"collection":[{"href":"https:\/\/eundg.com\/en\/wp-json\/wp\/v2\/pages"}],"about":[{"href":"https:\/\/eundg.com\/en\/wp-json\/wp\/v2\/types\/page"}],"author":[{"embeddable":true,"href":"https:\/\/eundg.com\/en\/wp-json\/wp\/v2\/users\/1"}],"replies":[{"embeddable":true,"href":"https:\/\/eundg.com\/en\/wp-json\/wp\/v2\/comments?post=17364"}],"version-history":[{"count":6,"href":"https:\/\/eundg.com\/en\/wp-json\/wp\/v2\/pages\/17364\/revisions"}],"predecessor-version":[{"id":22776,"href":"https:\/\/eundg.com\/en\/wp-json\/wp\/v2\/pages\/17364\/revisions\/22776"}],"wp:attachment":[{"href":"https:\/\/eundg.com\/en\/wp-json\/wp\/v2\/media?parent=17364"}],"curies":[{"name":"wp","href":"https:\/\/api.w.org\/{rel}","templated":true}]}}