{"id":16135,"date":"2019-04-29T13:20:17","date_gmt":"2019-04-29T13:20:17","guid":{"rendered":"https:\/\/eundg.com\/?page_id=16135"},"modified":"2023-05-31T15:34:22","modified_gmt":"2023-05-31T13:34:22","slug":"imprint","status":"publish","type":"page","link":"https:\/\/eundg.com\/en\/imprint\/","title":{"rendered":"Imprint"},"content":{"rendered":"<div class=\"wpb-content-wrapper\"><p>[vc_row][vc_column width=&#8221;1\/3&#8243;]<div class=\"minti_boxedholder   clearfix\" style=\"padding: 0px 0px 0px 0px; margin: 0px 0px 0px 0px; \"><h3 class=\"headline font-inherit fontsize-l fontweight-700 lh-inherit align-left transform-uppercase \" style=\"margin: 0 0 20px 0;\">IMPRINT<\/h3>[vc_column_text]Angaben gem\u00e4\u00df \u00a7 5 TMG:<\/p>\n<p>E&amp;G Kunststofftechnik GmbH &amp; Co. KG<br \/>\nUthuiser Stra\u00dfe 19<br \/>\n48477 H\u00f6rstel-Dreierwalde<\/p>\n<p>Telefon: +49 5978 18-0<br \/>\nTelefax: +49 5978 18-50<\/p>\n<p>E-Mail: info@eundg.com<br \/>\nInternet: www.eundg.com<\/p>\n<p>Vertretungsberechtigter Gesch\u00e4ftsf\u00fchrer:<br \/>\nMarkus Elbert<\/p>\n<p>Amtsgericht Steinfurt<br \/>\nRegisternummer HRA 6313<\/p>\n<p>Ust-IdNr: DE282269009<\/p>\n<p>Verantwortlich f\u00fcr den Inhalt nach \u00a7 55 Abs. 2 RStV:<br \/>\nMarkus Elbert<br \/>\nUthuiser Stra\u00dfe 19<br \/>\n48477 H\u00f6rstel-Dreierwalde<\/p>\n<p>Realisation\/Umsetzung<br \/>\nKRAFTWERK Werbeagentur<br \/>\nwww.kwwa.de[\/vc_column_text]<\/div><div class=\"spacer\" style=\"height: 40px;\"><\/div><div class=\"divider divider5\" style='margin:0 !important;'><\/div>[\/vc_column][vc_column animation=&#8221;fade-in&#8221; width=&#8221;2\/3&#8243; delay=&#8221;150&#8243;][vc_column_text]<strong>Allgemeine Hinweise<\/strong><\/p>\n<p><strong>Die Europ\u00e4ische Kommission stellt eine Plattform zur Online-Streitbeilegung (OS) bereit:\u00a0<\/strong><a href=\"http:\/\/ec.europa.eu\/consumers\/odr\">http:\/\/ec.europa.eu\/consumers\/odr<\/a><\/p>\n<p>Unsere E-Mail-Adresse finden Sie im Impressum. Wir sind nicht bereit oder verpflichtet, an Streitbeilegungsverfahren vor einer Verbraucherschlichtungsstelle teilzunehmen.<\/p>\n<p><strong>Haftungsausschluss<\/strong><\/p>\n<p><strong>Haftung f\u00fcr Inhalte<\/strong><br \/>\nAls Diensteanbieter sind wir gem\u00e4\u00df \u00a7 7 Abs.1 TMG f\u00fcr eigene Inhalte auf diesen Seiten nach den allgemeinen Gesetzen verantwortlich. Nach \u00a7\u00a7 8 bis 10 TMG sind wir als Diensteanbieter jedoch nicht verpflichtet, \u00fcbermittelte oder gespeicherte fremde Informationen zu \u00fcberwachen oder nach Umst\u00e4nden zu forschen, die auf eine rechtswidrige T\u00e4tigkeit hinweisen.<\/p>\n<p>Verpflichtungen zur Entfernung oder Sperrung der Nutzung von Informationen nach den allgemeinen Gesetzen bleiben hiervon unber\u00fchrt. Eine diesbez\u00fcgliche Haftung ist jedoch erst ab dem Zeitpunkt der Kenntnis einer konkreten Rechtsverletzung m\u00f6glich. Bei Bekanntwerden von entsprechenden Rechtsverletzungen werden wir diese Inhalte umgehend entfernen.<\/p>\n<p><strong>Haftung f\u00fcr Links<\/strong><br \/>\nUnser Angebot enth\u00e4lt Links zu externen Webseiten Dritter, auf deren Inhalte wir keinen Einfluss haben. Deshalb k\u00f6nnen wir f\u00fcr diese fremden Inhalte auch keine Gew\u00e4hr \u00fcbernehmen. F\u00fcr die Inhalte der verlinkten Seiten ist stets der jeweilige Anbieter oder Betreiber der Seiten verantwortlich. Die verlinkten Seiten wurden zum Zeitpunkt der Verlinkung auf m\u00f6gliche Rechtsverst\u00f6\u00dfe \u00fcberpr\u00fcft. Rechtswidrige Inhalte waren zum Zeitpunkt der Verlinkung nicht erkennbar. Eine permanente inhaltliche Kontrolle der verlinkten Seiten ist jedoch ohne konkrete Anhaltspunkte einer Rechtsverletzung nicht zumutbar. Bei Bekanntwerden von Rechtsverletzungen werden wir derartige Links umgehend entfernen.<\/p>\n<p><strong>Urheberrecht<\/strong><br \/>\nDie durch die Seitenbetreiber erstellten Inhalte und Werke auf diesen Seiten unterliegen dem deutschen Urheberrecht. Die Vervielf\u00e4ltigung, Bearbeitung, Verbreitung und jede Art der Verwertung au\u00dferhalb der Grenzen des Urheberrechtes bed\u00fcrfen der schriftlichen Zustimmung des jeweiligen Autors bzw. Erstellers. Downloads und Kopien dieser Seite sind nur f\u00fcr den privaten, nicht kommerziellen Gebrauch gestattet. Soweit die Inhalte auf dieser Seite nicht vom Betreiber erstellt wurden, werden die Urheberrechte Dritter beachtet. Insbesondere werden Inhalte Dritter als solche gekennzeichnet. Sollten Sie trotzdem auf eine Urheberrechtsverletzung aufmerksam werden, bitten wir um einen entsprechenden Hinweis. Bei Bekanntwerden von Rechtsverletzungen werden wir derartige Inhalte umgehend entfernen.<br \/>\n<strong><br \/>\n<\/strong><strong>Bildnachweis<\/strong><strong><br \/>\n<\/strong><\/p>\n<p>fotolia #129660725 | Urheber: anekoho<br \/>\nfotolia #168473839 | Urheber: anekoho<br \/>\nAlle weiteren Abbildungen\/Fotos\/Grafiken | Urheber: E&amp;G Kunststofftechnik GmbH &amp; Co. KG<\/p>\n<p><a href=\"https:\/\/eundg.com\/datenschutz\/\"><strong>Zur Datenschutzerkl\u00e4rung<\/strong><\/a><br \/>\n<br class=\"nc\" \/><br class=\"nc\" \/><br class=\"nc\" \/>[\/vc_column_text][\/vc_column][\/vc_row]<\/p>\n<\/div>","protected":false},"excerpt":{"rendered":"<p>[vc_row][vc_column width=&#8221;1\/3&#8243;][\/vc_column][vc_column animation=&#8221;fade-in&#8221; width=&#8221;2\/3&#8243; delay=&#8221;150&#8243;][vc_column_text]Allgemeine Hinweise Die Europ\u00e4ische Kommission stellt eine Plattform zur Online-Streitbeilegung (OS) bereit:\u00a0http:\/\/ec.europa.eu\/consumers\/odr Unsere E-Mail-Adresse finden Sie im Impressum. Wir sind nicht bereit oder verpflichtet, an Streitbeilegungsverfahren vor einer Verbraucherschlichtungsstelle teilzunehmen. Haftungsausschluss Haftung f\u00fcr Inhalte Als Diensteanbieter sind wir gem\u00e4\u00df \u00a7 7 Abs.1 TMG f\u00fcr eigene Inhalte auf diesen Seiten nach den allgemeinen Gesetzen verantwortlich. Nach \u00a7\u00a7 8 bis 10 TMG sind wir als Diensteanbieter jedoch nicht verpflichtet, \u00fcbermittelte oder gespeicherte fremde Informationen zu \u00fcberwachen oder nach Umst\u00e4nden zu forschen, die auf eine rechtswidrige T\u00e4tigkeit hinweisen. Verpflichtungen zur Entfernung oder Sperrung der Nutzung von Informationen nach den allgemeinen Gesetzen bleiben hiervon unber\u00fchrt. Eine diesbez\u00fcgliche Haftung ist jedoch erst ab dem Zeitpunkt der Kenntnis einer konkreten Rechtsverletzung m\u00f6glich. Bei Bekanntwerden von entsprechenden Rechtsverletzungen werden wir diese Inhalte umgehend entfernen. Haftung f\u00fcr Links Unser Angebot enth\u00e4lt Links zu externen Webseiten Dritter, auf deren Inhalte wir keinen Einfluss haben. Deshalb k\u00f6nnen wir f\u00fcr diese fremden Inhalte auch keine Gew\u00e4hr \u00fcbernehmen. F\u00fcr die Inhalte der verlinkten Seiten ist stets der jeweilige Anbieter oder Betreiber der Seiten verantwortlich. Die verlinkten Seiten wurden zum Zeitpunkt der Verlinkung auf m\u00f6gliche Rechtsverst\u00f6\u00dfe \u00fcberpr\u00fcft. Rechtswidrige Inhalte waren zum Zeitpunkt der Verlinkung nicht erkennbar. Eine permanente inhaltliche [&hellip;]<\/p>\n","protected":false},"author":1,"featured_media":0,"parent":0,"menu_order":90,"comment_status":"closed","ping_status":"closed","template":"","meta":{"footnotes":""},"class_list":["post-16135","page","type-page","status-publish","hentry"],"_links":{"self":[{"href":"https:\/\/eundg.com\/en\/wp-json\/wp\/v2\/pages\/16135","targetHints":{"allow":["GET"]}}],"collection":[{"href":"https:\/\/eundg.com\/en\/wp-json\/wp\/v2\/pages"}],"about":[{"href":"https:\/\/eundg.com\/en\/wp-json\/wp\/v2\/types\/page"}],"author":[{"embeddable":true,"href":"https:\/\/eundg.com\/en\/wp-json\/wp\/v2\/users\/1"}],"replies":[{"embeddable":true,"href":"https:\/\/eundg.com\/en\/wp-json\/wp\/v2\/comments?post=16135"}],"version-history":[{"count":6,"href":"https:\/\/eundg.com\/en\/wp-json\/wp\/v2\/pages\/16135\/revisions"}],"predecessor-version":[{"id":18409,"href":"https:\/\/eundg.com\/en\/wp-json\/wp\/v2\/pages\/16135\/revisions\/18409"}],"wp:attachment":[{"href":"https:\/\/eundg.com\/en\/wp-json\/wp\/v2\/media?parent=16135"}],"curies":[{"name":"wp","href":"https:\/\/api.w.org\/{rel}","templated":true}]}}