{"id":16108,"date":"2019-04-29T11:14:58","date_gmt":"2019-04-29T11:14:58","guid":{"rendered":"https:\/\/eundg.com\/?page_id=16108"},"modified":"2025-11-11T14:45:33","modified_gmt":"2025-11-11T13:45:33","slug":"plastic-tubs","status":"publish","type":"page","link":"https:\/\/eundg.com\/en\/plastic-tubs\/","title":{"rendered":"plastic tubs"},"content":{"rendered":"<div class=\"wpb-content-wrapper\"><p>[vc_row][vc_column width=&#8221;1\/1&#8243;]<div class=\"single_image wpb_content_element align-left    \" data-animation=\"none\" data-delay=\"0\"><img loading=\"lazy\" decoding=\"async\" width=\"1950\" height=\"656\" src=\"https:\/\/eundg.com\/wp-content\/uploads\/2019\/03\/plastikwannen.jpg\" class=\"attachment-full\" alt=\"Kunststoffwannen und Plastikwannen, Futterwanne, Reinigungswanne, Schmutzwanne, \u00d6lwanne, Aufbewahrungswanne, Desinfektionswanne, Leckagewanne, Transportwanne f\u00fcr Sanit\u00e4r- &amp; Heizungsbau, Kfz-Industrie und Autowerkstatt, Jagdbedarf, Chemie\/Labor, Lebensmittelindustrie, Fleischerei, Angelsport, Tierbedarf, Pferdezubeh\u00f6r, Reinigungsgewerbe\" title=\"plastikwannen\" srcset=\"https:\/\/eundg.com\/wp-content\/uploads\/2019\/03\/plastikwannen.jpg 1950w, https:\/\/eundg.com\/wp-content\/uploads\/2019\/03\/plastikwannen-300x101.jpg 300w, https:\/\/eundg.com\/wp-content\/uploads\/2019\/03\/plastikwannen-768x258.jpg 768w, https:\/\/eundg.com\/wp-content\/uploads\/2019\/03\/plastikwannen-1024x344.jpg 1024w\" sizes=\"auto, (max-width: 1950px) 100vw, 1950px\" \/><\/div><h1 class=\"headline font-inherit fontsize-l fontweight-600 lh-inherit align-left transform-inherit \" style=\"margin: 0 0 20px 0; color: #00478A;\">Dimensionally stable and precisely fitting plastic tubs for various applications in industry, trades, business and hobbies.<\/h1>[vc_column_text]<span lang=\"EN-GB\">Our tubs are optimally suited for a wide variety of uses, e.g. as feeding tubs, cleaning tubs, drip pans, oil pans, storage bins, disinfection tubs, leakage pans, transport tubs for sanitary &amp; heating installation, the automotive industry and automobile workshops, hunting equipment, chemicals\/laboratories, foods industry, butcher shops, sport fishing, pet equipment, horse accessories, cleaning tools, and much more.<\/span>[\/vc_column_text][\/vc_column][\/vc_row][vc_row][vc_column width=&#8221;1\/1&#8243;]<div class=\"spacer\" style=\"height: 80px;\"><\/div>[\/vc_column][\/vc_row][vc_row][vc_column width=&#8221;1\/3&#8243;]<div class=\"single_image wpb_content_element align-left  animate   \" data-animation=\"fade-in\" data-delay=\"250\"><img loading=\"lazy\" decoding=\"async\" width=\"500\" height=\"333\" src=\"https:\/\/eundg.com\/wp-content\/uploads\/2022\/03\/awk10010.jpg\" class=\"attachment-full\" alt=\"Auffangwanne rund f\u00fcr \u00d6l und Fl\u00fcssigkeiten. Kunststoffwanne f\u00fcr Werkstatt, Gewerbe und Industrie.\" title=\"awk10010\" srcset=\"https:\/\/eundg.com\/wp-content\/uploads\/2022\/03\/awk10010.jpg 500w, https:\/\/eundg.com\/wp-content\/uploads\/2022\/03\/awk10010-300x200.jpg 300w\" sizes=\"auto, (max-width: 500px) 100vw, 500px\" \/><\/div>[\/vc_column][vc_column width=&#8221;2\/3&#8243;]<h1 class=\"headline font-inherit fontsize-l fontweight-600 lh-inherit align-left transform-inherit \" style=\"margin: 0 0 20px 0;\">AWK 10010<\/h1>[vc_column_text]<\/p>\n<ul>\n<li>Material: HDPE<\/li>\n<li>Colour*: black<\/li>\n<li>dimensions: Diameter 380 mm x Height 110 mm<\/li>\n<li>Volume: 8 ltr.<\/li>\n<\/ul>\n<p><span lang=\"EN-GB\">This tub is alkali and acid resistant.\u00a0<\/span><\/p>\n<p><span lang=\"EN-GB\">Minimum order: 900 pcs.\/palette. *In larger-quantity orders, different colours can be used.<\/span>[\/vc_column_text]<a href=\"https:\/\/eundg.com\/wp-content\/uploads\/2025\/11\/Kunststoffwanne-awks-10010.pdf\" target=\"_blank\" class=\"button button-appear color-2 small \" style=\"border-radius: 1px;\"><span>Download data sheet <\/span><\/a>[\/vc_column][\/vc_row][vc_row][vc_column width=&#8221;1\/1&#8243;]<div class=\"divider divider5\" style='margin:60px 0 60px 0 !important;'><\/div>[\/vc_column][\/vc_row][vc_row][vc_column width=&#8221;1\/3&#8243;]<div class=\"single_image wpb_content_element align-left  animate   \" data-animation=\"fade-in\" data-delay=\"250\"><img loading=\"lazy\" decoding=\"async\" width=\"500\" height=\"333\" src=\"https:\/\/eundg.com\/wp-content\/uploads\/2019\/03\/awk-10050-e1552331492188.jpg\" class=\"attachment-full\" alt=\"Kunststoffwanne schwarz, Kofferraum, Futterwanne, Reinigungswanne, Schmutzwanne, \u00d6lwanne, Aufbewahrungswanne, Desinfektionswanne, Leckagewanne, Transportwanne\" title=\"awk-10050\" srcset=\"https:\/\/eundg.com\/wp-content\/uploads\/2019\/03\/awk-10050-e1552331492188.jpg 500w, https:\/\/eundg.com\/wp-content\/uploads\/2019\/03\/awk-10050-e1552331492188-300x200.jpg 300w\" sizes=\"auto, (max-width: 500px) 100vw, 500px\" \/><\/div>[\/vc_column][vc_column width=&#8221;2\/3&#8243;]<h1 class=\"headline font-inherit fontsize-l fontweight-600 lh-inherit align-left transform-inherit \" style=\"margin: 0 0 20px 0;\">AWK 10050<\/h1>[vc_column_text]<\/p>\n<ul>\n<li>Material: PP<\/li>\n<li>Colour*: black<\/li>\n<li>Interior dimensions: 530 mm x 380 mm x 80 mm (B x D x H)<\/li>\n<li>Volume: 16 ltr.<\/li>\n<\/ul>\n<p><span lang=\"EN-GB\">This tub is alkali and acid resistant.\u00a0<\/span><\/p>\n<p><span lang=\"EN-GB\">Minimum order: 300 pcs.\/palette. *In larger-quantity orders, different colours can be used.<\/span>[\/vc_column_text]<a href=\"https:\/\/eundg.com\/wp-content\/uploads\/2025\/11\/Kunststoffwanne-awks-10050.pdf\" target=\"_blank\" class=\"button button-appear color-2 small \" style=\"border-radius: 1px;\"><span>Download data sheet <\/span><\/a>[\/vc_column][\/vc_row][vc_row][vc_column width=&#8221;1\/1&#8243;]<div class=\"divider divider5\" style='margin:60px 0 60px 0 !important;'><\/div>[\/vc_column][\/vc_row][vc_row][vc_column width=&#8221;1\/3&#8243;]<div class=\"single_image wpb_content_element align-left  animate   \" data-animation=\"fade-in\" data-delay=\"250\"><img loading=\"lazy\" decoding=\"async\" width=\"500\" height=\"333\" src=\"https:\/\/eundg.com\/wp-content\/uploads\/2019\/03\/awk-10100.jpg\" class=\"attachment-full\" alt=\"Futterwanne, Reinigungswanne, Schmutzwanne, \u00d6lwanne, Aufbewahrungswanne, Desinfektionswanne, Leckagewanne, Transportwanne\" title=\"awk-10100\" srcset=\"https:\/\/eundg.com\/wp-content\/uploads\/2019\/03\/awk-10100.jpg 500w, https:\/\/eundg.com\/wp-content\/uploads\/2019\/03\/awk-10100-300x200.jpg 300w\" sizes=\"auto, (max-width: 500px) 100vw, 500px\" \/><\/div>[\/vc_column][vc_column width=&#8221;2\/3&#8243;]<h1 class=\"headline font-inherit fontsize-l fontweight-600 lh-inherit align-left transform-inherit \" style=\"margin: 0 0 20px 0;\">AWK 10100<\/h1>[vc_column_text]<\/p>\n<ul>\n<li>Material: PP<\/li>\n<li>Colour*: black<\/li>\n<li>Interior dimensions: 800 mm x 520 mm x 100 mm (B x D x H)<\/li>\n<li>Volume: 42 ltr.<\/li>\n<\/ul>\n<p>This tub is alkali and acid resistant.<\/p>\n<p>Minimum order: 60 pcs. \/palette. * In larger-quantity orders, different colours can be used.<\/p>\n<ul>\n<li style=\"list-style-type: none;\"><\/li>\n<\/ul>\n<p>[\/vc_column_text]<a href=\"https:\/\/eundg.com\/wp-content\/uploads\/2025\/11\/Kunststoffwanne-awks-10100.pdf\" target=\"_blank\" class=\"button button-appear color-2 small \" style=\"border-radius: 1px;\"><span>Download data sheet <\/span><\/a>[\/vc_column][\/vc_row][vc_row][vc_column width=&#8221;1\/1&#8243;]<div class=\"divider divider5\" style='margin:60px 0 60px 0 !important;'><\/div>[\/vc_column][\/vc_row][vc_row][vc_column width=&#8221;1\/3&#8243;]<div class=\"single_image wpb_content_element align-left  animate   \" data-animation=\"fade-in\" data-delay=\"250\"><img loading=\"lazy\" decoding=\"async\" width=\"500\" height=\"333\" src=\"https:\/\/eundg.com\/wp-content\/uploads\/2019\/03\/awk-10110-e1552331481721.jpg\" class=\"attachment-full\" alt=\"Kofferraumwanne, Wannen, Futterwanne, Reinigungswanne, Schmutzwanne, \u00d6lwanne, Aufbewahrungswanne, Desinfektionswanne, Leckagewanne, Transportwanne f\u00fcr Gewerbe und Industrie\" title=\"awk-10110\" srcset=\"https:\/\/eundg.com\/wp-content\/uploads\/2019\/03\/awk-10110-e1552331481721.jpg 500w, https:\/\/eundg.com\/wp-content\/uploads\/2019\/03\/awk-10110-e1552331481721-300x200.jpg 300w\" sizes=\"auto, (max-width: 500px) 100vw, 500px\" \/><\/div>[\/vc_column][vc_column width=&#8221;2\/3&#8243;]<h1 class=\"headline font-inherit fontsize-l fontweight-600 lh-inherit align-left transform-inherit \" style=\"margin: 0 0 20px 0;\">AWK 10110<\/h1>[vc_column_text]<\/p>\n<ul>\n<li>Material: PE<\/li>\n<li>Colour*: white<\/li>\n<li>Interior dimensions: 800 mm x 520 mm x 100 mm (B x D x H)<\/li>\n<li>Volume: 42 ltr.<\/li>\n<\/ul>\n<p><span lang=\"EN-GB\">This tub is alkali and acid resistant.\u00a0<\/span><\/p>\n<p><span lang=\"EN-GB\">Minimum order: 60 pcs. \/Palette. * In larger-quantity orders, different colours can be used.<\/span>[\/vc_column_text]<a href=\"https:\/\/eundg.com\/wp-content\/uploads\/2025\/11\/Kunststoffwanne-awks-10110.pdf\" target=\"_blank\" class=\"button button-appear color-2 small \" style=\"border-radius: 1px;\"><span>Download data sheet <\/span><\/a>[\/vc_column][\/vc_row][vc_row][vc_column width=&#8221;1\/1&#8243;]<div class=\"divider divider5\" style='margin:60px 0 60px 0 !important;'><\/div>[\/vc_column][\/vc_row][vc_row][vc_column width=&#8221;1\/3&#8243;]<div class=\"single_image wpb_content_element align-left  animate   \" data-animation=\"fade-in\" data-delay=\"250\"><img loading=\"lazy\" decoding=\"async\" width=\"500\" height=\"333\" src=\"https:\/\/eundg.com\/wp-content\/uploads\/2019\/03\/awk-10130-e1552331467392.jpg\" class=\"attachment-full\" alt=\"\" title=\"awk-10130\" srcset=\"https:\/\/eundg.com\/wp-content\/uploads\/2019\/03\/awk-10130-e1552331467392.jpg 500w, https:\/\/eundg.com\/wp-content\/uploads\/2019\/03\/awk-10130-e1552331467392-300x200.jpg 300w\" sizes=\"auto, (max-width: 500px) 100vw, 500px\" \/><\/div>[\/vc_column][vc_column width=&#8221;2\/3&#8243;]<h1 class=\"headline font-inherit fontsize-l fontweight-600 lh-inherit align-left transform-inherit \" style=\"margin: 0 0 20px 0;\">AWK 10130<\/h1>[vc_column_text]<\/p>\n<ul>\n<li>Material: ABS (AWKS 10135 PE-Version)<\/li>\n<li>Colour*: schwarz<\/li>\n<li>Interior dimensions: 640 mm x 640 mm x 100 mm (B x D x H)<\/li>\n<li>Volume: 40 ltr.<\/li>\n<\/ul>\n<p><span lang=\"EN-GB\">ABS is not acid resistant and only suitable for preventing water damage. Tubs made of ABS can be made of PE for an extra charge.<\/span><\/p>\n<p><span lang=\"EN-GB\">Minimum order: 50 pcs. \/Palette. * In larger-quantity orders, different colours can be used.<\/span>[\/vc_column_text]<a href=\"https:\/\/eundg.com\/wp-content\/uploads\/2025\/11\/Kunststoffwanne-awks-10130-10135.pdf\" target=\"_blank\" class=\"button button-appear color-2 small \" style=\"border-radius: 1px;\"><span>Download data sheet <\/span><\/a>[\/vc_column][\/vc_row][vc_row][vc_column width=&#8221;1\/1&#8243;]<div class=\"divider divider5\" style='margin:60px 0 60px 0 !important;'><\/div>[\/vc_column][\/vc_row][vc_row][vc_column width=&#8221;1\/3&#8243;]<div class=\"single_image wpb_content_element align-left  animate   \" data-animation=\"fade-in\" data-delay=\"250\"><img loading=\"lazy\" decoding=\"async\" width=\"500\" height=\"333\" src=\"https:\/\/eundg.com\/wp-content\/uploads\/2019\/03\/awk-10150.jpg\" class=\"attachment-full\" alt=\"\" title=\"awk-10150\" srcset=\"https:\/\/eundg.com\/wp-content\/uploads\/2019\/03\/awk-10150.jpg 500w, https:\/\/eundg.com\/wp-content\/uploads\/2019\/03\/awk-10150-300x200.jpg 300w\" sizes=\"auto, (max-width: 500px) 100vw, 500px\" \/><\/div>[\/vc_column][vc_column width=&#8221;2\/3&#8243;]<h1 class=\"headline font-inherit fontsize-l fontweight-600 lh-inherit align-left transform-inherit \" style=\"margin: 0 0 20px 0;\">AWK 10150<\/h1>[vc_column_text]<\/p>\n<ul>\n<li>Material: ABS<\/li>\n<li>Colour*: black<\/li>\n<li>Interior dimensions: 880 mm x 790 mm x 100 mm (B x D x H)<\/li>\n<li>Volume: 70 ltr.<\/li>\n<\/ul>\n<p><span lang=\"EN-GB\">ABS is not acid resistant and only suited for preventing water damages. Tubs made of ABS can be made of PE for an extra charge.<\/span><\/p>\n<p><span lang=\"EN-GB\">Minimum order: 50 pcs. \/palette. * In larger-quantity orders, different colours can be used.<\/span>[\/vc_column_text]<a href=\"https:\/\/eundg.com\/wp-content\/uploads\/2025\/11\/Kunststoffwanne-awks-10150.pdf\" target=\"_blank\" class=\"button button-appear color-2 small \" style=\"border-radius: 1px;\"><span>Download data sheet <\/span><\/a>[\/vc_column][\/vc_row][vc_row][vc_column width=&#8221;1\/1&#8243;]<div class=\"divider divider5\" style='margin:60px 0 60px 0 !important;'><\/div>[\/vc_column][\/vc_row][vc_row][vc_column width=&#8221;1\/3&#8243;]<div class=\"single_image wpb_content_element align-left  animate   \" data-animation=\"fade-in\" data-delay=\"250\"><img loading=\"lazy\" decoding=\"async\" width=\"500\" height=\"333\" src=\"https:\/\/eundg.com\/wp-content\/uploads\/2019\/03\/awk-10150.jpg\" class=\"attachment-full\" alt=\"\" title=\"awk-10150\" srcset=\"https:\/\/eundg.com\/wp-content\/uploads\/2019\/03\/awk-10150.jpg 500w, https:\/\/eundg.com\/wp-content\/uploads\/2019\/03\/awk-10150-300x200.jpg 300w\" sizes=\"auto, (max-width: 500px) 100vw, 500px\" \/><\/div>[\/vc_column][vc_column width=&#8221;2\/3&#8243;]<h1 class=\"headline font-inherit fontsize-l fontweight-600 lh-inherit align-left transform-inherit \" style=\"margin: 0 0 20px 0;\">AWK 10200<\/h1>[vc_column_text]<\/p>\n<ul>\n<li>Material: ABS (AWKS 10220 PE-Version)<\/li>\n<li>Colour*: black<\/li>\n<li>Interior dimensions: 800 mm x 600 mm x 200 mm (B x D x H)<\/li>\n<li>Volume: 100 ltr.<\/li>\n<\/ul>\n<p><span lang=\"EN-GB\">ABS is not acid resistant and only suitable for preventing water damage. Tubs made of ABS can be made of PE for an extra charge.<\/span><\/p>\n<p><span lang=\"EN-GB\">Minimum order: 25 pcs. \/palette. * In larger-quantity orders, different colours can be used.<\/span>[\/vc_column_text]<a href=\"https:\/\/eundg.com\/wp-content\/uploads\/2025\/11\/Kunststoffwanne-awks-10200-10220.pdf\" target=\"_blank\" class=\"button button-appear color-2 small \" style=\"border-radius: 1px;\"><span>Download data sheet <\/span><\/a>[\/vc_column][\/vc_row][vc_row][vc_column width=&#8221;1\/1&#8243;]<div class=\"divider divider5\" style='margin:60px 0 60px 0 !important;'><\/div>[\/vc_column][\/vc_row][vc_row][vc_column width=&#8221;1\/3&#8243;]<div class=\"single_image wpb_content_element align-center  animate   \" data-animation=\"fade-in\" data-delay=\"250\"><\/div>[\/vc_column][vc_column width=&#8221;2\/3&#8243;]<h1 class=\"headline font-inherit fontsize-l fontweight-600 lh-inherit align-left transform-inherit \" style=\"margin: 0 0 20px 0;\">AWK 10260<\/h1>[vc_column_text]<\/p>\n<ul>\n<li>Material: PE<\/li>\n<li>Colour*: black<\/li>\n<li>Interior dimensions: 880 mm x 1.100 mm x 100 mm (B x D x H)<\/li>\n<li>Volume: 90 ltr.<\/li>\n<\/ul>\n<p><span lang=\"EN-GB\">This tub is alkali and acid resistant.<\/span><\/p>\n<p><span lang=\"EN-GB\">Minimum order: 20 pcs. \/palette. * In larger-quantity orders, different colours can be used.<\/span>[\/vc_column_text]<a href=\"https:\/\/eundg.com\/wp-content\/uploads\/2025\/11\/Kunststoffwanne-awks-10260.pdf\" target=\"_blank\" class=\"button button-appear color-2 small \" style=\"border-radius: 1px;\"><span>Download data sheet <\/span><\/a>[\/vc_column][\/vc_row][vc_row][vc_column width=&#8221;1\/1&#8243;]<div class=\"divider divider5\" style='margin:60px 0 60px 0 !important;'><\/div>[\/vc_column][\/vc_row][vc_row][vc_column width=&#8221;1\/3&#8243;]<div class=\"single_image wpb_content_element align-left  animate   \" data-animation=\"fade-in\" data-delay=\"250\"><img loading=\"lazy\" decoding=\"async\" width=\"500\" height=\"333\" src=\"https:\/\/eundg.com\/wp-content\/uploads\/2019\/03\/awk-10350.jpg\" class=\"attachment-full\" alt=\"\" title=\"awk-10350\" srcset=\"https:\/\/eundg.com\/wp-content\/uploads\/2019\/03\/awk-10350.jpg 500w, https:\/\/eundg.com\/wp-content\/uploads\/2019\/03\/awk-10350-300x200.jpg 300w\" sizes=\"auto, (max-width: 500px) 100vw, 500px\" \/><\/div>[\/vc_column][vc_column width=&#8221;2\/3&#8243;]<h1 class=\"headline font-inherit fontsize-l fontweight-600 lh-inherit align-left transform-inherit \" style=\"margin: 0 0 20px 0;\">AWK 10350<\/h1>[vc_column_text]<\/p>\n<ul>\n<li>Material: PE<\/li>\n<li>Colour*: black<\/li>\n<li>Interior dimensions: 1.180 mm x 810 mm x 120 mm (B x D x H)<\/li>\n<li>Volume: 115 ltr.<\/li>\n<\/ul>\n<p><span lang=\"EN-GB\">This tub is alkali and acid resistant.\u00a0<\/span><\/p>\n<p><span lang=\"EN-GB\">Minimum order: 25 pcs. \/palette. *In larger-quantity orders, different colours can be used.<\/span>[\/vc_column_text]<a href=\"https:\/\/eundg.com\/wp-content\/uploads\/2025\/11\/Kunststoffwanne-awks-10350.pdf\" target=\"_blank\" class=\"button button-appear color-2 small \" style=\"border-radius: 1px;\"><span>Download data sheet <\/span><\/a>[\/vc_column][\/vc_row][vc_row][vc_column width=&#8221;1\/1&#8243;]<div class=\"divider divider5\" style='margin:60px 0 60px 0 !important;'><\/div>[\/vc_column][\/vc_row][vc_row][vc_column width=&#8221;1\/3&#8243;]<div class=\"single_image wpb_content_element align-left  animate   \" data-animation=\"fade-in\" data-delay=\"250\"><img loading=\"lazy\" decoding=\"async\" width=\"500\" height=\"333\" src=\"https:\/\/eundg.com\/wp-content\/uploads\/2019\/03\/awk-10450.jpg\" class=\"attachment-full\" alt=\"\" title=\"awk-10450\" srcset=\"https:\/\/eundg.com\/wp-content\/uploads\/2019\/03\/awk-10450.jpg 500w, https:\/\/eundg.com\/wp-content\/uploads\/2019\/03\/awk-10450-300x200.jpg 300w\" sizes=\"auto, (max-width: 500px) 100vw, 500px\" \/><\/div>[\/vc_column][vc_column width=&#8221;2\/3&#8243;]<h1 class=\"headline font-inherit fontsize-l fontweight-600 lh-inherit align-left transform-inherit \" style=\"margin: 0 0 20px 0;\">AWK 10450<\/h1>[vc_column_text]<\/p>\n<ul>\n<li>Material: PE<\/li>\n<li>Colour*: black<\/li>\n<li>Interior dimensions: 1.175 mm x 770 mm x 30 mm (B x D x H)<\/li>\n<\/ul>\n<p><span lang=\"EN-GB\">This tub is alkali and acid resistant.\u00a0<\/span><\/p>\n<p><span lang=\"EN-GB\">Minimum order: 50 pcs. \/palette. * In larger-quantity orders, different colours can be used.<\/span>[\/vc_column_text]<a href=\"https:\/\/eundg.com\/wp-content\/uploads\/2025\/11\/Kunststoffwanne-awks-10450.pdf\" target=\"_blank\" class=\"button button-appear color-2 small \" style=\"border-radius: 1px;\"><span>Download data sheet <\/span><\/a>[\/vc_column][\/vc_row][vc_row top_padding=&#8221;50&#8243; bottom_padding=&#8221;30&#8243;][vc_column width=&#8221;1\/1&#8243;]<a href=\"https:\/\/eundg.com\/kontakt\/\" target=\"_self\" class=\"button color-2 full \" style=\"border-radius: 1px;\">You can request an individual tender now! <\/a>[\/vc_column][\/vc_row]<\/p>\n<\/div>","protected":false},"excerpt":{"rendered":"<p>[vc_row][vc_column width=&#8221;1\/1&#8243;][vc_column_text]Our tubs are optimally suited for a wide variety of uses, e.g. as feeding tubs, cleaning tubs, drip pans, oil pans, storage bins, disinfection tubs, leakage pans, transport tubs for sanitary &amp; heating installation, the automotive industry and automobile workshops, hunting equipment, chemicals\/laboratories, foods industry, butcher shops, sport fishing, pet equipment, horse accessories, cleaning tools, and much more.[\/vc_column_text][\/vc_column][\/vc_row][vc_row][vc_column width=&#8221;1\/1&#8243;][\/vc_column][\/vc_row][vc_row][vc_column width=&#8221;1\/3&#8243;][\/vc_column][vc_column width=&#8221;2\/3&#8243;][vc_column_text] Material: HDPE Colour*: black dimensions: Diameter 380 mm x Height 110 mm Volume: 8 ltr. This tub is alkali and acid resistant.\u00a0 Minimum order: 900 pcs.\/palette. *In larger-quantity orders, different colours can be used.[\/vc_column_text][\/vc_column][\/vc_row][vc_row][vc_column width=&#8221;1\/1&#8243;][\/vc_column][\/vc_row][vc_row][vc_column width=&#8221;1\/3&#8243;][\/vc_column][vc_column width=&#8221;2\/3&#8243;][vc_column_text] Material: PP Colour*: black Interior dimensions: 530 mm x 380 mm x 80 mm (B x D x H) Volume: 16 ltr. This tub is alkali and acid resistant.\u00a0 Minimum order: 300 pcs.\/palette. *In larger-quantity orders, different colours can be used.[\/vc_column_text][\/vc_column][\/vc_row][vc_row][vc_column width=&#8221;1\/1&#8243;][\/vc_column][\/vc_row][vc_row][vc_column width=&#8221;1\/3&#8243;][\/vc_column][vc_column width=&#8221;2\/3&#8243;][vc_column_text] Material: PP Colour*: black Interior dimensions: 800 mm x 520 mm x 100 mm (B x D x H) Volume: 42 ltr. This tub is alkali and acid resistant. Minimum order: 60 pcs. \/palette. * In larger-quantity orders, different colours can be used. [\/vc_column_text][\/vc_column][\/vc_row][vc_row][vc_column width=&#8221;1\/1&#8243;][\/vc_column][\/vc_row][vc_row][vc_column width=&#8221;1\/3&#8243;][\/vc_column][vc_column width=&#8221;2\/3&#8243;][vc_column_text] Material: PE Colour*: white Interior dimensions: 800 mm x 520 [&hellip;]<\/p>\n","protected":false},"author":1,"featured_media":0,"parent":0,"menu_order":48,"comment_status":"closed","ping_status":"closed","template":"","meta":{"footnotes":""},"class_list":["post-16108","page","type-page","status-publish","hentry"],"_links":{"self":[{"href":"https:\/\/eundg.com\/en\/wp-json\/wp\/v2\/pages\/16108","targetHints":{"allow":["GET"]}}],"collection":[{"href":"https:\/\/eundg.com\/en\/wp-json\/wp\/v2\/pages"}],"about":[{"href":"https:\/\/eundg.com\/en\/wp-json\/wp\/v2\/types\/page"}],"author":[{"embeddable":true,"href":"https:\/\/eundg.com\/en\/wp-json\/wp\/v2\/users\/1"}],"replies":[{"embeddable":true,"href":"https:\/\/eundg.com\/en\/wp-json\/wp\/v2\/comments?post=16108"}],"version-history":[{"count":10,"href":"https:\/\/eundg.com\/en\/wp-json\/wp\/v2\/pages\/16108\/revisions"}],"predecessor-version":[{"id":22789,"href":"https:\/\/eundg.com\/en\/wp-json\/wp\/v2\/pages\/16108\/revisions\/22789"}],"wp:attachment":[{"href":"https:\/\/eundg.com\/en\/wp-json\/wp\/v2\/media?parent=16108"}],"curies":[{"name":"wp","href":"https:\/\/api.w.org\/{rel}","templated":true}]}}